{"id":158,"date":"2018-12-06T12:49:02","date_gmt":"2018-12-06T12:49:02","guid":{"rendered":"https:\/\/www.portalmultiplaconsultoria.com.br\/academy\/about\/"},"modified":"2025-06-11T17:06:45","modified_gmt":"2025-06-11T20:06:45","slug":"sobre-nos","status":"publish","type":"page","link":"https:\/\/www.portalmultiplaconsultoria.com.br\/academy\/sobre-nos\/","title":{"rendered":"Sobre n\u00f3s"},"content":{"rendered":"\n\n\t<h1>\n\t\t\t\tSobre n\u00f3s\n\t\t\t<\/h1>\n\t<h2>\n\t\t\t\tNossa hist\u00f3ria\n\t\t\t<\/h2>\n\t\t\t<p>Fundada em 2014, a M\u00faltipla Consultoria Treinamentos e Eventos &#8211; LTDA &#8211; ME est\u00e1 localizada em Colatina, Esp\u00edrito Santo, e \u00e9 especializada em elevar o potencial humano e organizacional atrav\u00e9s de servi\u00e7os de educa\u00e7\u00e3o e consultoria de alta qualidade. Nosso objetivo \u00e9 fornecer solu\u00e7\u00f5es integradas que apoiam o desenvolvimento profissional e gerencial, atendendo \u00e0s necessidades espec\u00edficas de cada cliente.A partir de 2024 lan\u00e7amos nosso portal de cursos online, a M\u00faltipla Academy, uma solu\u00e7\u00e3o inovadora que tem como objetivo formar profissionais das mais diversas \u00e1reas do conhecimento.<\/p>\t\n\t<h2>\n\t\t\t\tNossa Filosofia\n\t\t\t<\/h2>\n\t\t\t<p>Acreditamos que a educa\u00e7\u00e3o e o treinamento s\u00e3o fundamentais para o sucesso sustent\u00e1vel das organiza\u00e7\u00f5es e indiv\u00edduos. Por isso, nossos projetos s\u00e3o desenvolvidos com foco na inova\u00e7\u00e3o e na aplica\u00e7\u00e3o pr\u00e1tica, garantindo que o aprendizado se transforme em resultados efetivos. Nosso compromisso com a excel\u00eancia e a qualidade reflete-se em todos os nossos servi\u00e7os, desde a cria\u00e7\u00e3o de projetos pedag\u00f3gicos personalizados at\u00e9 a realiza\u00e7\u00e3o de eventos e produ\u00e7\u00e3o de conte\u00fado audiovisual.<\/p>\t\n\t<h2>\n\t\t\t\tCompromisso com a Comunidade\n\t\t\t<\/h2>\n\t\t\t<p>Na M\u00faltipla Consultoria, entendemos a import\u00e2ncia de contribuir para a comunidade local e global. Participamos e iniciamos diversos projetos sociais e educativos, visando n\u00e3o apenas o desenvolvimento econ\u00f4mico, mas tamb\u00e9m a promo\u00e7\u00e3o de uma sociedade mais justa e igualit\u00e1ria.<\/p>\t\n\t<h2>\n\t\t\t\tVamos Avan\u00e7ar Juntos\n\t\t\t<\/h2>\n\t\t\t<p>Convidamos voc\u00ea a explorar nossas solu\u00e7\u00f5es e a descobrir como podemos ajudar no seu crescimento e sucesso. Na M\u00faltipla Consultoria, seu futuro \u00e9 nossa prioridade. Entre em contato conosco para saber mais sobre como podemos atender \u00e0s suas necessidades de treinamento e desenvolvimento.<\/p>\t\n\n","protected":false},"excerpt":{"rendered":"<p>Sobre n\u00f3s Nossa hist\u00f3ria Fundada em 2014, a M\u00faltipla Consultoria Treinamentos e Eventos &#8211; LTDA &#8211; ME est\u00e1 localizada em Colatina, Esp\u00edrito Santo, e \u00e9 especializada em elevar o potencial humano e organizacional atrav\u00e9s de servi\u00e7os de educa\u00e7\u00e3o e consultoria de alta qualidade. Nosso objetivo \u00e9 fornecer solu\u00e7\u00f5es integradas que apoiam o desenvolvimento profissional e [&hellip;]<\/p>\n","protected":false},"author":3,"featured_media":0,"parent":0,"menu_order":0,"comment_status":"closed","ping_status":"closed","template":"","meta":{"site-sidebar-layout":"no-sidebar","site-content-layout":"page-builder","ast-site-content-layout":"default","site-content-style":"default","site-sidebar-style":"default","ast-global-header-display":"","ast-banner-title-visibility":"","ast-main-header-display":"","ast-hfb-above-header-display":"","ast-hfb-below-header-display":"","ast-hfb-mobile-header-display":"","site-post-title":"disabled","ast-breadcrumbs-content":"","ast-featured-img":"disabled","footer-sml-layout":"","ast-disable-related-posts":"","theme-transparent-header-meta":"enabled","adv-header-id-meta":"","stick-header-meta":"","header-above-stick-meta":"","header-main-stick-meta":"","header-below-stick-meta":"","astra-migrate-meta-layouts":"default","ast-page-background-enabled":"default","ast-page-background-meta":{"desktop":{"background-color":"","background-image":"","background-repeat":"repeat","background-position":"center center","background-size":"auto","background-attachment":"scroll","background-type":"","background-media":"","overlay-type":"","overlay-color":"","overlay-opacity":"","overlay-gradient":""},"tablet":{"background-color":"","background-image":"","background-repeat":"repeat","background-position":"center center","background-size":"auto","background-attachment":"scroll","background-type":"","background-media":"","overlay-type":"","overlay-color":"","overlay-opacity":"","overlay-gradient":""},"mobile":{"background-color":"","background-image":"","background-repeat":"repeat","background-position":"center center","background-size":"auto","background-attachment":"scroll","background-type":"","background-media":"","overlay-type":"","overlay-color":"","overlay-opacity":"","overlay-gradient":""}},"ast-content-background-meta":{"desktop":{"background-color":"var(--ast-global-color-5)","background-image":"","background-repeat":"repeat","background-position":"center center","background-size":"auto","background-attachment":"scroll","background-type":"","background-media":"","overlay-type":"","overlay-color":"","overlay-opacity":"","overlay-gradient":""},"tablet":{"background-color":"var(--ast-global-color-5)","background-image":"","background-repeat":"repeat","background-position":"center center","background-size":"auto","background-attachment":"scroll","background-type":"","background-media":"","overlay-type":"","overlay-color":"","overlay-opacity":"","overlay-gradient":""},"mobile":{"background-color":"var(--ast-global-color-5)","background-image":"","background-repeat":"repeat","background-position":"center center","background-size":"auto","background-attachment":"scroll","background-type":"","background-media":"","overlay-type":"","overlay-color":"","overlay-opacity":"","overlay-gradient":""}},"footnotes":""},"class_list":["post-158","page","type-page","status-publish","hentry"],"_links":{"self":[{"href":"https:\/\/www.portalmultiplaconsultoria.com.br\/academy\/wp-json\/wp\/v2\/pages\/158","targetHints":{"allow":["GET"]}}],"collection":[{"href":"https:\/\/www.portalmultiplaconsultoria.com.br\/academy\/wp-json\/wp\/v2\/pages"}],"about":[{"href":"https:\/\/www.portalmultiplaconsultoria.com.br\/academy\/wp-json\/wp\/v2\/types\/page"}],"author":[{"embeddable":true,"href":"https:\/\/www.portalmultiplaconsultoria.com.br\/academy\/wp-json\/wp\/v2\/users\/3"}],"replies":[{"embeddable":true,"href":"https:\/\/www.portalmultiplaconsultoria.com.br\/academy\/wp-json\/wp\/v2\/comments?post=158"}],"version-history":[{"count":0,"href":"https:\/\/www.portalmultiplaconsultoria.com.br\/academy\/wp-json\/wp\/v2\/pages\/158\/revisions"}],"wp:attachment":[{"href":"https:\/\/www.portalmultiplaconsultoria.com.br\/academy\/wp-json\/wp\/v2\/media?parent=158"}],"curies":[{"name":"wp","href":"https:\/\/api.w.org\/{rel}","templated":true}]}}