{"id":17,"date":"2018-11-19T19:50:38","date_gmt":"2018-11-19T19:50:38","guid":{"rendered":"https:\/\/www.portalmultiplaconsultoria.com.br\/academy\/home\/"},"modified":"2025-06-11T16:25:37","modified_gmt":"2025-06-11T19:25:37","slug":"home","status":"publish","type":"page","link":"https:\/\/www.portalmultiplaconsultoria.com.br\/academy\/","title":{"rendered":"Home"},"content":{"rendered":"\n<h1>\n\t\t\tCursos em todas<br \/> as \u00e1reas do<br \/> conhecimento\t<\/h1>\n<h2>\n\t\t\ttransformando a educa\u00e7\u00e3o <br \/>atrav\u00e9s da  inova\u00e7\u00e3o!\t<\/h2>\n\t\t\t<a href=\"\" target=\"_self\">\n\t\t\t\t\t\t\tvenha conhecer\n\t\t\t\t\t<\/a>\n\t<h3>\n\t\t\t\tAcesso completo por 1 ano\n\t\t\t<\/h3>\n\t<h3>\n\t\t\t\tEstude quando e onde quiser\n\t\t\t<\/h3>\n\t<h3>\n\t\t\t\tNovos conte\u00fados toda semana\n\t\t\t<\/h3>\n\t<h2>\n\t\t\t\tCertificado v\u00e1lido em todo o territ\u00f3rio nacional\n\t\t\t<\/h2>\n\t\t\t\t<img decoding=\"async\" src=\"https:\/\/www.portalmultiplaconsultoria.com.br\/academy\/wp-content\/uploads\/2024\/07\/logo_certificado_2.png\" alt=\"logo_certificado_2\" itemprop=\"image\" height=\"444\" width=\"427\" title=\"logo_certificado_2\" onerror=\"this.style.display='none'\" loading='lazy' \/>\n\t<p>Os certificados emitidos pela M\u00faltipla Academy se enquandram na categoria de cursos livres e est\u00e3o de acordo com as principais leis vigentes:<\/p>\n<ul>\n<li>Lei n\u00ba 9.394 &#8211; Lei de Diretrizes e Bases da Educa\u00e7\u00e3o Nacional<\/li>\n<li>Artigo 205 e 206 &#8211; Constitui\u00e7\u00e3o Federal<\/li>\n<li>Decreto Presidencial n\u00ba 5154\/2004<\/li>\n<li>Normas da Resolu\u00e7\u00e3o CNE n\u00ba 04\/99 &#8211; MEC (art. 7\u00ba \u00a7 3\u00ba)<\/li>\n<\/ul>\n\t<h2>\n\t\t\t\tNossos Cursos Mais Populares\n\t\t\t<\/h2>\n\t\t\t<p>Transforme sua carreira com nossos cursos mais procurados, projetados para aprimorar habilidades e abrir novas oportunidades no mercado de trabalho.<\/p>\t\n\t<meta itemscope itemprop=\"mainEntityOfPage\" itemtype=\"https:\/\/schema.org\/WebPage\" itemid=\"http:\/\/25221\" content=\"Mapeamento da Propriedade Rural\" \/><meta itemprop=\"datePublished\" content=\"2024-07-31\" \/><meta itemprop=\"dateModified\" content=\"2024-10-09\" \/><meta itemprop=\"name\" content=\"M\u00faltipla Consultoria\"\/><meta itemprop=\"url\" content=\"https:\/\/www.portalmultiplaconsultoria.com.br\/academy\/wp-content\/uploads\/2019\/06\/learn-dash-blue-logo-1.svg\"\/><meta itemprop=\"url\" content=\"https:\/\/www.portalmultiplaconsultoria.com.br\/academy\/author\/admin\/\" \/><meta itemprop=\"name\" content=\"hostnet\" \/><meta itemprop=\"url\" content=\"https:\/\/www.portalmultiplaconsultoria.com.br\/academy\/wp-content\/uploads\/2024\/07\/view-land-plot-real-estate-business-development.webp\" \/><meta itemprop=\"width\" content=\"1262\" \/><meta itemprop=\"height\" content=\"841\" \/><meta itemprop=\"interactionType\" content=\"https:\/\/schema.org\/CommentAction\" \/><meta itemprop=\"userInteractionCount\" content=\"0\" \/>\n\t\t\t\t<a href=\"https:\/\/www.portalmultiplaconsultoria.com.br\/academy\/curso\/mapeamento-da-propriedade-rural\/\"  target=\"_self\" itemprop=\"url\">\n\t\t\t\t<img decoding=\"async\" src=\"https:\/\/www.portalmultiplaconsultoria.com.br\/academy\/wp-content\/uploads\/2024\/07\/view-land-plot-real-estate-business-development-1024x682.webp\" alt=\"view-land-plot-real-estate-business-development\" itemprop=\"image\" data-no-lazy=\"1\" height=\"682\" width=\"1024\" title=\"view-land-plot-real-estate-business-development\" onerror=\"this.style.display='none'\" loading='lazy' \/>\n\t\t\t\t<\/a>\n\t\t\t\t\t\t\t\t\t<h4 itemprop=\"headline\">\n\t\t\t\t\t\t\t\t\t\t\t\t\t<a href=\"https:\/\/www.portalmultiplaconsultoria.com.br\/academy\/curso\/mapeamento-da-propriedade-rural\/\" title=\"Mapeamento da Propriedade Rural\">\n\t\t\t\t\t\t\t\t\t\t\t\t\t\tMapeamento da Propriedade Rural\t\t\t\t\t\t\t\t\t\t\t\t\t<\/a>\n\t\t\t\t\t\t\t\t\t\t\t<\/h4>\n    <a href=\"https:\/\/www.portalmultiplaconsultoria.com.br\/academy\/curso\/mapeamento-da-propriedade-rural\/\" title=\"Mapeamento da Propriedade Rural\">Vamos l\u00e1! about Mapeamento da Propriedade Rural<\/a>\n\t<meta itemscope itemprop=\"mainEntityOfPage\" itemtype=\"https:\/\/schema.org\/WebPage\" itemid=\"http:\/\/25214\" content=\"Captura de abelhas sem ferr\u00e3o\" \/><meta itemprop=\"datePublished\" content=\"2024-07-30\" \/><meta itemprop=\"dateModified\" content=\"2024-08-21\" \/><meta itemprop=\"name\" content=\"M\u00faltipla Consultoria\"\/><meta itemprop=\"url\" content=\"https:\/\/www.portalmultiplaconsultoria.com.br\/academy\/wp-content\/uploads\/2019\/06\/learn-dash-blue-logo-1.svg\"\/><meta itemprop=\"url\" content=\"https:\/\/www.portalmultiplaconsultoria.com.br\/academy\/author\/admin\/\" \/><meta itemprop=\"name\" content=\"hostnet\" \/><meta itemprop=\"url\" content=\"https:\/\/www.portalmultiplaconsultoria.com.br\/academy\/wp-content\/uploads\/2024\/07\/honey-bees-walking-wooden-bee-hives.webp\" \/><meta itemprop=\"width\" content=\"1344\" \/><meta itemprop=\"height\" content=\"896\" \/><meta itemprop=\"interactionType\" content=\"https:\/\/schema.org\/CommentAction\" \/><meta itemprop=\"userInteractionCount\" content=\"0\" \/>\n\t\t\t\t<a href=\"https:\/\/www.portalmultiplaconsultoria.com.br\/academy\/curso\/captura-de-abelhas-sem-ferrao\/\"  target=\"_self\" itemprop=\"url\">\n\t\t\t\t<img decoding=\"async\" src=\"https:\/\/www.portalmultiplaconsultoria.com.br\/academy\/wp-content\/uploads\/2024\/07\/honey-bees-walking-wooden-bee-hives-1024x683.webp\" alt=\"honey-bees-walking-wooden-bee-hives\" itemprop=\"image\" data-no-lazy=\"1\" height=\"683\" width=\"1024\" title=\"honey-bees-walking-wooden-bee-hives\" onerror=\"this.style.display='none'\" loading='lazy' \/>\n\t\t\t\t<\/a>\n\t\t\t\t\t\t\t\t\t<h4 itemprop=\"headline\">\n\t\t\t\t\t\t\t\t\t\t\t\t\t<a href=\"https:\/\/www.portalmultiplaconsultoria.com.br\/academy\/curso\/captura-de-abelhas-sem-ferrao\/\" title=\"Captura de abelhas sem ferr\u00e3o\">\n\t\t\t\t\t\t\t\t\t\t\t\t\t\tCaptura de abelhas sem ferr\u00e3o\t\t\t\t\t\t\t\t\t\t\t\t\t<\/a>\n\t\t\t\t\t\t\t\t\t\t\t<\/h4>\n    <a href=\"https:\/\/www.portalmultiplaconsultoria.com.br\/academy\/curso\/captura-de-abelhas-sem-ferrao\/\" title=\"Captura de abelhas sem ferr\u00e3o\">Vamos l\u00e1! about Captura de abelhas sem ferr\u00e3o<\/a>\n\t<meta itemscope itemprop=\"mainEntityOfPage\" itemtype=\"https:\/\/schema.org\/WebPage\" itemid=\"http:\/\/69\" content=\"Administra\u00e7\u00e3o rural e busca por resultados\" \/><meta itemprop=\"datePublished\" content=\"2016-12-15\" \/><meta itemprop=\"dateModified\" content=\"2024-08-21\" \/><meta itemprop=\"name\" content=\"M\u00faltipla Consultoria\"\/><meta itemprop=\"url\" content=\"https:\/\/www.portalmultiplaconsultoria.com.br\/academy\/wp-content\/uploads\/2019\/06\/learn-dash-blue-logo-1.svg\"\/><meta itemprop=\"url\" content=\"https:\/\/www.portalmultiplaconsultoria.com.br\/academy\/author\/admin\/\" \/><meta itemprop=\"name\" content=\"hostnet\" \/><meta itemprop=\"url\" content=\"https:\/\/www.portalmultiplaconsultoria.com.br\/academy\/wp-content\/uploads\/2016\/12\/farmers-hold-notebook-check-modern-tobacco-fields.webp\" \/><meta itemprop=\"width\" content=\"1152\" \/><meta itemprop=\"height\" content=\"768\" \/><meta itemprop=\"interactionType\" content=\"https:\/\/schema.org\/CommentAction\" \/><meta itemprop=\"userInteractionCount\" content=\"0\" \/>\n\t\t\t\t<a href=\"https:\/\/www.portalmultiplaconsultoria.com.br\/academy\/curso\/administracao-rural-e-busca-por-resultados\/\"  target=\"_self\" itemprop=\"url\">\n\t\t\t\t<img decoding=\"async\" src=\"https:\/\/www.portalmultiplaconsultoria.com.br\/academy\/wp-content\/uploads\/2016\/12\/farmers-hold-notebook-check-modern-tobacco-fields-1024x683.webp\" alt=\"farmers-hold-notebook-check-modern-tobacco-fields\" itemprop=\"image\" data-no-lazy=\"1\" height=\"683\" width=\"1024\" title=\"farmers-hold-notebook-check-modern-tobacco-fields\" onerror=\"this.style.display='none'\" loading='lazy' \/>\n\t\t\t\t<\/a>\n\t\t\t\t\t\t\t\t\t<h4 itemprop=\"headline\">\n\t\t\t\t\t\t\t\t\t\t\t\t\t<a href=\"https:\/\/www.portalmultiplaconsultoria.com.br\/academy\/curso\/administracao-rural-e-busca-por-resultados\/\" title=\"Administra\u00e7\u00e3o rural e busca por resultados\">\n\t\t\t\t\t\t\t\t\t\t\t\t\t\tAdministra\u00e7\u00e3o rural e busca por resultados\t\t\t\t\t\t\t\t\t\t\t\t\t<\/a>\n\t\t\t\t\t\t\t\t\t\t\t<\/h4>\n    <a href=\"https:\/\/www.portalmultiplaconsultoria.com.br\/academy\/curso\/administracao-rural-e-busca-por-resultados\/\" title=\"Administra\u00e7\u00e3o rural e busca por resultados\">Vamos l\u00e1! about Administra\u00e7\u00e3o rural e busca por resultados<\/a>\n\t\t<!-- .pp-content-posts -->\n\t\t\t<a href=\"https:\/\/www.portalmultiplaconsultoria.com.br\/academy\/todos-os-cursos\/\" target=\"_self\">\n\t\t\t\t\t\t\tVEJA TODOS OS CURSOS\n\t\t\t\t\t<\/a>\n\t<h2>\n\t\t\t\tDestaque-se com nosso treinamento profissional online\n\t\t\t<\/h2>\n\t\t\t<p>A forma\u00e7\u00e3o cont\u00ednua \u00e9 essencial para se destacar e avan\u00e7ar na sua \u00e1rea de atua\u00e7\u00e3o. Com nossos cursos voc\u00ea ter\u00e1 acesso a materiais de alta qualidade.<\/p>\t\n\t\t\t\t<img decoding=\"async\" src=\"https:\/\/www.portalmultiplaconsultoria.com.br\/academy\/wp-content\/uploads\/2019\/06\/manager-free-img-1.png\" alt=\"manager-free-img.png\" title=\"manager-free-img.png\" itemprop=\"image\"\/>\n\t<h5>\n\t\t\t\tJo\u00e3o Silva &#8211; Fundador e CEO\n\t\t\t<\/h5>\n\t<ul>\n\t\t<li>\t\t\t\t\n\t\t<h4>Crie Habilidades Relevantes<\/h4><p>Desenvolva habilidades que fa\u00e7am a diferen\u00e7a, impulsionando seu crescimento pessoal e profissional.<\/p><\/li><li>\t\t\t\t\n\t\t<h4>Siga o caminho certo na melhor plataforma de ensino<\/h4><p>Encontre seu sucesso na plataforma de ensino ideal para transformar seu futuro com excel\u00eancia.<\/p><\/li><li>\t\t\t\t\n\t\t<h4>Aprenda com profissionais<\/h4><p>Adquira conhecimentos com especialistas experientes e impulsione sua carreira na plataforma ideal.<\/p><\/li>\t<\/ul>\n\t\t\t\t\t\t<h4>Cursos de Qualidade<\/h4>\t\t\t\t\t\n\t\t\t<p>Experimente nosso cursos de alta qualidade.<\/p>\t\t\n\t\t\t\t\t\t<h4>Professores Competentes<\/h4>\t\t\t\t\t\n\t\t\t<p>professores com alto n\u00edvel de conhecimento em suas \u00e1reas.<\/p>\t\t\n\t\t\t\t\t\t<h4>Material Relevante<\/h4>\t\t\t\t\t\n\t\t\t<p>Conte\u00fado atualizado e de alta relev\u00e2ncia para o mercado de trabalho.<\/p>\t\t\n\t\t\t\t\t\t<h2>&#8220;R\u00e1pido aprendizado e alta reten\u00e7\u00e3o.&#8221;<\/h2>\t\t\t\t\t\n\t\t\t\t<a href=\"https:\/\/www.portalmultiplaconsultoria.com.br\/academy\/registrar\/\" role=\"button\" target=\"_self\">\n\t\t\t\t\t\t\t\t\t\tIngresse j\u00e1!\n\t\t\t\t\t\t\t\t\t<\/a>\n\t<h2>\n\t\t\t\tO que nossos estudantes t\u00eam a dizer\n\t\t\t<\/h2>\n\t<p>Plataforma intuitiva, com conte\u00fados bem organizados e acess\u00edveis. A experi\u00eancia de aprendizado \u00e9 fluida e eficiente, superando expectativas.<\/p>\n\t\t\t\t<img decoding=\"async\" src=\"https:\/\/www.portalmultiplaconsultoria.com.br\/academy\/wp-content\/uploads\/bb-plugin\/cache\/testimonial4-free-img-circle.jpg\" alt=\"testimonial4-free-img.jpg\" title=\"testimonial4-free-img.jpg\" itemprop=\"image\"\/>\n\t<h5>\n\t\t\t\tKevin Souza\n\t\t\t<\/h5>\n\t\t\t<p>Juiz de Fora, Minas Gerais<\/p>\t\n\t<p>Plataforma encantadora e super pr\u00e1tica. Os conte\u00fados s\u00e3o claros e envolventes, tornando o aprendizado leve e prazeroso. Adorei a experi\u00eancia!<\/p>\n\t\t\t\t<img decoding=\"async\" src=\"https:\/\/www.portalmultiplaconsultoria.com.br\/academy\/wp-content\/uploads\/bb-plugin\/cache\/testimonial1-free-img-circle.jpg\" alt=\"testimonial1-free-img.jpg\" title=\"testimonial1-free-img.jpg\" itemprop=\"image\"\/>\n\t<h5>\n\t\t\t\tSasha Santos\n\t\t\t<\/h5>\n\t\t\t<p>Balne\u00e1rio Cambori\u00fa, Santa Catarina<\/p>\t\n\t<p>Plataforma muito boa, viu? Bem f\u00e1cil de usar, e os conte\u00fados s\u00e3o claros. T\u00f4 gostando demais da experi\u00eancia!<\/p>\n\t\t\t\t<img decoding=\"async\" src=\"https:\/\/www.portalmultiplaconsultoria.com.br\/academy\/wp-content\/uploads\/bb-plugin\/cache\/testimonial3-free-img-circle.jpg\" alt=\"testimonial3-free-img.jpg\" title=\"testimonial3-free-img.jpg\" itemprop=\"image\"\/>\n\t<h5>\n\t\t\t\tFrancisco Juarez\n\t\t\t<\/h5>\n\t\t\t<p>Barreirinhas, Maranh\u00e3o<\/p>\t\n\t<p>Plataforma bem organizada e pr\u00e1tica. O conte\u00fado \u00e9 claro e direto, facilitando o aprendizado. A experi\u00eancia tem sido muito positiva, gostei bastante!<\/p>\n\t\t\t\t<img decoding=\"async\" src=\"https:\/\/www.portalmultiplaconsultoria.com.br\/academy\/wp-content\/uploads\/bb-plugin\/cache\/testimonial2-free-img-circle.jpg\" alt=\"testimonial2-free-img.jpg\" title=\"testimonial2-free-img.jpg\" itemprop=\"image\"\/>\n\t<h5>\n\t\t\t\tJoacir Moreno\n\t\t\t<\/h5>\n\t\t\tTr\u00eas Lagoas, mato Grosso do Sul\t\n\n","protected":false},"excerpt":{"rendered":"<p>Cursos em todas as \u00e1reas do conhecimento transformando a educa\u00e7\u00e3o atrav\u00e9s da inova\u00e7\u00e3o! venha conhecer Acesso completo por 1 ano Estude quando e onde quiser Novos conte\u00fados toda semana Certificado v\u00e1lido em todo o territ\u00f3rio nacional Os certificados emitidos pela M\u00faltipla Academy se enquandram na categoria de cursos livres e est\u00e3o de acordo com as [&hellip;]<\/p>\n","protected":false},"author":3,"featured_media":0,"parent":0,"menu_order":0,"comment_status":"closed","ping_status":"closed","template":"","meta":{"site-sidebar-layout":"no-sidebar","site-content-layout":"page-builder","ast-site-content-layout":"default","site-content-style":"default","site-sidebar-style":"default","ast-global-header-display":"","ast-banner-title-visibility":"","ast-main-header-display":"","ast-hfb-above-header-display":"","ast-hfb-below-header-display":"","ast-hfb-mobile-header-display":"","site-post-title":"disabled","ast-breadcrumbs-content":"","ast-featured-img":"disabled","footer-sml-layout":"","ast-disable-related-posts":"","theme-transparent-header-meta":"enabled","adv-header-id-meta":"","stick-header-meta":"","header-above-stick-meta":"","header-main-stick-meta":"","header-below-stick-meta":"","astra-migrate-meta-layouts":"default","ast-page-background-enabled":"default","ast-page-background-meta":{"desktop":{"background-color":"","background-image":"","background-repeat":"repeat","background-position":"center center","background-size":"auto","background-attachment":"scroll","background-type":"","background-media":"","overlay-type":"","overlay-color":"","overlay-opacity":"","overlay-gradient":""},"tablet":{"background-color":"","background-image":"","background-repeat":"repeat","background-position":"center center","background-size":"auto","background-attachment":"scroll","background-type":"","background-media":"","overlay-type":"","overlay-color":"","overlay-opacity":"","overlay-gradient":""},"mobile":{"background-color":"","background-image":"","background-repeat":"repeat","background-position":"center center","background-size":"auto","background-attachment":"scroll","background-type":"","background-media":"","overlay-type":"","overlay-color":"","overlay-opacity":"","overlay-gradient":""}},"ast-content-background-meta":{"desktop":{"background-color":"var(--ast-global-color-5)","background-image":"","background-repeat":"repeat","background-position":"center center","background-size":"auto","background-attachment":"scroll","background-type":"","background-media":"","overlay-type":"","overlay-color":"","overlay-opacity":"","overlay-gradient":""},"tablet":{"background-color":"var(--ast-global-color-5)","background-image":"","background-repeat":"repeat","background-position":"center center","background-size":"auto","background-attachment":"scroll","background-type":"","background-media":"","overlay-type":"","overlay-color":"","overlay-opacity":"","overlay-gradient":""},"mobile":{"background-color":"var(--ast-global-color-5)","background-image":"","background-repeat":"repeat","background-position":"center center","background-size":"auto","background-attachment":"scroll","background-type":"","background-media":"","overlay-type":"","overlay-color":"","overlay-opacity":"","overlay-gradient":""}},"footnotes":""},"class_list":["post-17","page","type-page","status-publish","hentry"],"_links":{"self":[{"href":"https:\/\/www.portalmultiplaconsultoria.com.br\/academy\/wp-json\/wp\/v2\/pages\/17","targetHints":{"allow":["GET"]}}],"collection":[{"href":"https:\/\/www.portalmultiplaconsultoria.com.br\/academy\/wp-json\/wp\/v2\/pages"}],"about":[{"href":"https:\/\/www.portalmultiplaconsultoria.com.br\/academy\/wp-json\/wp\/v2\/types\/page"}],"author":[{"embeddable":true,"href":"https:\/\/www.portalmultiplaconsultoria.com.br\/academy\/wp-json\/wp\/v2\/users\/3"}],"replies":[{"embeddable":true,"href":"https:\/\/www.portalmultiplaconsultoria.com.br\/academy\/wp-json\/wp\/v2\/comments?post=17"}],"version-history":[{"count":0,"href":"https:\/\/www.portalmultiplaconsultoria.com.br\/academy\/wp-json\/wp\/v2\/pages\/17\/revisions"}],"wp:attachment":[{"href":"https:\/\/www.portalmultiplaconsultoria.com.br\/academy\/wp-json\/wp\/v2\/media?parent=17"}],"curies":[{"name":"wp","href":"https:\/\/api.w.org\/{rel}","templated":true}]}}