{"id":25039,"date":"2024-07-10T11:25:50","date_gmt":"2024-07-10T14:25:50","guid":{"rendered":"https:\/\/www.portalmultiplaconsultoria.com.br\/academy\/?page_id=25039"},"modified":"2026-01-03T22:08:14","modified_gmt":"2026-01-04T01:08:14","slug":"duvidas-frequentes","status":"publish","type":"page","link":"https:\/\/www.portalmultiplaconsultoria.com.br\/academy\/duvidas-frequentes\/","title":{"rendered":"D\u00favidas Frequentes"},"content":{"rendered":"\n\n\t<h1>\n\t\t\t\tD\u00favidas Frequentes\n\t\t\t<\/h1>\n\t\t\t\t\t\t\t\t\t\t<h4 tabindex=\"0\">Os programas oferecem certifica\u00e7\u00e3o?<\/h4>\n\t\t\t\t\t<p>Sim, todos os nossos programas oferecem certifica\u00e7\u00e3o. (N\u00e3o disponibilizamos certificado nos programas gratuitos e m\u00f3dulos complementares).<\/p>\n\t\t\t\t\t\t\t\t\t\t<h4 tabindex=\"0\">O Certificado tem prazo de validade?<\/h4>\n\t\t\t\t\t<p>N\u00e3o, o mesmo n\u00e3o tem um prazo de validade.<\/p>\n\t\t\t\t\t\t\t\t\t\t<h4 tabindex=\"0\"> O certificado \u00e9 v\u00e1lido pelo MEC?<\/h4>\n\t\t\t\t\t<p>O MEC n\u00e3o faz a certifica\u00e7\u00e3o de institui\u00e7\u00f5es que n\u00e3o sejam de n\u00edvel fundamental, m\u00e9dio, t\u00e9cnico ou superior. Nossos cursos s\u00e3o classificados como livres e de atualiza\u00e7\u00e3o ou qualifica\u00e7\u00e3o profissional, portanto n\u00e3o necessitam de portaria de regulariza\u00e7\u00e3o. No entanto, os cursos s\u00e3o v\u00e1lidos em todo o territ\u00f3rio nacional e podem constar no seu curr\u00edculo.<\/p>\n\t\t\t\t\t\t\t\t\t\t<h4 tabindex=\"0\">O certificado \u00e9 v\u00e1lido para contar como horas extracurriculares na minha faculdade?<\/h4>\n\t\t\t\t\t<p>Sim, voc\u00ea pode utilizar o certificado para completar horas extracurriculares na Faculdade, preencher exig\u00eancias em Concursos P\u00fablicos, participar de Progress\u00e3o Funcional, Provas de T\u00edtulo, ou at\u00e9 mesmo subir de cargo na sua empresa.<\/p>\n\n","protected":false},"excerpt":{"rendered":"<p>D\u00favidas Frequentes Os programas oferecem certifica\u00e7\u00e3o? Sim, todos os nossos programas oferecem certifica\u00e7\u00e3o. (N\u00e3o disponibilizamos certificado nos programas gratuitos e m\u00f3dulos complementares). O Certificado tem prazo de validade? N\u00e3o, o mesmo n\u00e3o tem um prazo de validade. O certificado \u00e9 v\u00e1lido pelo MEC? O MEC n\u00e3o faz a certifica\u00e7\u00e3o de institui\u00e7\u00f5es que n\u00e3o sejam de [&hellip;]<\/p>\n","protected":false},"author":3,"featured_media":0,"parent":0,"menu_order":0,"comment_status":"closed","ping_status":"closed","template":"","meta":{"site-sidebar-layout":"no-sidebar","site-content-layout":"page-builder","ast-site-content-layout":"full-width-container","site-content-style":"unboxed","site-sidebar-style":"unboxed","ast-global-header-display":"","ast-banner-title-visibility":"","ast-main-header-display":"","ast-hfb-above-header-display":"","ast-hfb-below-header-display":"","ast-hfb-mobile-header-display":"","site-post-title":"disabled","ast-breadcrumbs-content":"","ast-featured-img":"disabled","footer-sml-layout":"","ast-disable-related-posts":"","theme-transparent-header-meta":"enabled","adv-header-id-meta":"","stick-header-meta":"","header-above-stick-meta":"","header-main-stick-meta":"","header-below-stick-meta":"","astra-migrate-meta-layouts":"set","ast-page-background-enabled":"default","ast-page-background-meta":{"desktop":{"background-color":"","background-image":"","background-repeat":"repeat","background-position":"center center","background-size":"auto","background-attachment":"scroll","background-type":"","background-media":"","overlay-type":"","overlay-color":"","overlay-opacity":"","overlay-gradient":""},"tablet":{"background-color":"","background-image":"","background-repeat":"repeat","background-position":"center center","background-size":"auto","background-attachment":"scroll","background-type":"","background-media":"","overlay-type":"","overlay-color":"","overlay-opacity":"","overlay-gradient":""},"mobile":{"background-color":"","background-image":"","background-repeat":"repeat","background-position":"center center","background-size":"auto","background-attachment":"scroll","background-type":"","background-media":"","overlay-type":"","overlay-color":"","overlay-opacity":"","overlay-gradient":""}},"ast-content-background-meta":{"desktop":{"background-color":"var(--ast-global-color-5)","background-image":"","background-repeat":"repeat","background-position":"center center","background-size":"auto","background-attachment":"scroll","background-type":"","background-media":"","overlay-type":"","overlay-color":"","overlay-opacity":"","overlay-gradient":""},"tablet":{"background-color":"var(--ast-global-color-5)","background-image":"","background-repeat":"repeat","background-position":"center center","background-size":"auto","background-attachment":"scroll","background-type":"","background-media":"","overlay-type":"","overlay-color":"","overlay-opacity":"","overlay-gradient":""},"mobile":{"background-color":"var(--ast-global-color-5)","background-image":"","background-repeat":"repeat","background-position":"center center","background-size":"auto","background-attachment":"scroll","background-type":"","background-media":"","overlay-type":"","overlay-color":"","overlay-opacity":"","overlay-gradient":""}},"footnotes":""},"class_list":["post-25039","page","type-page","status-publish","hentry"],"_links":{"self":[{"href":"https:\/\/www.portalmultiplaconsultoria.com.br\/academy\/wp-json\/wp\/v2\/pages\/25039","targetHints":{"allow":["GET"]}}],"collection":[{"href":"https:\/\/www.portalmultiplaconsultoria.com.br\/academy\/wp-json\/wp\/v2\/pages"}],"about":[{"href":"https:\/\/www.portalmultiplaconsultoria.com.br\/academy\/wp-json\/wp\/v2\/types\/page"}],"author":[{"embeddable":true,"href":"https:\/\/www.portalmultiplaconsultoria.com.br\/academy\/wp-json\/wp\/v2\/users\/3"}],"replies":[{"embeddable":true,"href":"https:\/\/www.portalmultiplaconsultoria.com.br\/academy\/wp-json\/wp\/v2\/comments?post=25039"}],"version-history":[{"count":1,"href":"https:\/\/www.portalmultiplaconsultoria.com.br\/academy\/wp-json\/wp\/v2\/pages\/25039\/revisions"}],"predecessor-version":[{"id":25476,"href":"https:\/\/www.portalmultiplaconsultoria.com.br\/academy\/wp-json\/wp\/v2\/pages\/25039\/revisions\/25476"}],"wp:attachment":[{"href":"https:\/\/www.portalmultiplaconsultoria.com.br\/academy\/wp-json\/wp\/v2\/media?parent=25039"}],"curies":[{"name":"wp","href":"https:\/\/api.w.org\/{rel}","templated":true}]}}