{"id":3,"date":"2018-10-05T14:34:01","date_gmt":"2018-10-05T17:34:01","guid":{"rendered":"https:\/\/www.portalmultiplaconsultoria.com.br\/academy\/\/?page_id=3"},"modified":"2024-08-06T10:52:25","modified_gmt":"2024-08-06T13:52:25","slug":"politica-de-privacidade","status":"publish","type":"page","link":"https:\/\/www.portalmultiplaconsultoria.com.br\/academy\/politica-de-privacidade\/","title":{"rendered":"Pol\u00edtica de Privacidade"},"content":{"rendered":"\n\n\t\t<h1>\n\t\t\tPol\u00edtica de Privacidade e Cookies\n\t\t<\/h1>\n\t\t\n\t\t\t<p>A sua privacidade \u00e9 importante para n\u00f3s. \u00c9 pol\u00edtica do site M\u00faltipla Consultoria respeitar a sua privacidade em rela\u00e7\u00e3o a qualquer informa\u00e7\u00e3o sua que possamos coletar no site <a href=\"https:\/\/www.portalmultiplaconsultoria.com.br\/academy\/\">M\u00faltipla Consultoria<\/a>, e outros sites que possu\u00edmos e operamos.Trabalhamos com base na Lei de Prote\u00e7\u00e3o de Dados (13.709\/2018) que traz garantias de privacidade, confidencialidade, reten\u00e7\u00e3o, prote\u00e7\u00e3o aos direitos fundamentais de liberdade e o livre desenvolvimento da personalidade da pessoa. Al\u00e9m disso, respeitamos a Constitui\u00e7\u00e3o Federal da Rep\u00fablica Federativa do Brasil, o C\u00f3digo de Defesa do Consumidor (Lei 8.078\/90), Marco Civil da Internet (Lei 12.965\/14).Solicitamos informa\u00e7\u00f5es pessoais apenas quando realmente precisamos delas para lhe fornecer um servi\u00e7o. Fazemo-lo por meios justos e legais, com o seu conhecimento e consentimento. Tamb\u00e9m informamos por que estamos coletando e como ser\u00e1 usado.Deixamos claro o motivo que estamos coletando e como ser\u00e1 usado, pois tudo \u00e9 feito para correta administra\u00e7\u00e3o geral.Apenas retemos as informa\u00e7\u00f5es coletadas pelo tempo necess\u00e1rio para fornecer o servi\u00e7o solicitado. Quando armazenamos dados, protegemos dentro de meios comercialmente aceit\u00e1veis pela legisla\u00e7\u00e3o atual \u200b\u200bpara evitar perdas e roubos, bem como acesso, divulga\u00e7\u00e3o, c\u00f3pia, uso ou modifica\u00e7\u00e3o n\u00e3o autorizados.N\u00e3o compartilhamos informa\u00e7\u00f5es de identifica\u00e7\u00e3o pessoal publicamente ou com terceiros, exceto por determina\u00e7\u00e3o judicial.O nosso site pode ter links para sites externos que n\u00e3o s\u00e3o operados por n\u00f3s. Diante disto, n\u00e3o nos responsabilizamos por danos de terceiros. Esteja ciente de que n\u00e3o temos controle sobre o conte\u00fado e pr\u00e1ticas de sites de terceiros e n\u00e3o podemos aceitar responsabilidade por suas respectivas pol\u00edticas de privacidade.Na qualidade de consumidor, voc\u00ea \u00e9 livre para recusar a nossa solicita\u00e7\u00e3o de informa\u00e7\u00f5es pessoais, entendendo que talvez n\u00e3o possamos fornecer alguns dos servi\u00e7os desejados.O uso continuado de nosso site ser\u00e1 considerado como aceita\u00e7\u00e3o de nossas pr\u00e1ticas em torno de privacidade e informa\u00e7\u00f5es pessoais. Se voc\u00ea tiver alguma d\u00favida sobre como lidamos com dados do usu\u00e1rio e informa\u00e7\u00f5es pessoais, entre em contato conosco atrav\u00e9s do e-mail <a href=\"mailto:contato@portalmultiplaconsultoria.com.br\">contato@portalmultiplaconsultoria.com.br<\/a> ou atrav\u00e9s de nosso <a href=\"https:\/\/www.portalmultiplaconsultoria.com.br\/academy\/contato\/#contato\">formul\u00e1rio de contato<\/a>.Nossa pol\u00edtica \u00e9 atualizada de forma constante.Fica, desde j\u00e1, o titular de dados ciente que o conte\u00fado desta Pol\u00edtica de Privacidade pode ser alterado a crit\u00e9rio do site M\u00faltipla Consultoria, independente de aviso ou notifica\u00e7\u00e3o. Em caso de altera\u00e7\u00e3o, as modifica\u00e7\u00f5es produzem todos os efeitos a partir do momento da disponibiliza\u00e7\u00e3o no site.O site M\u00faltipla Consultoria n\u00e3o se responsabiliza caso voc\u00ea venha utilizar seus dados de forma incorreta ou inver\u00eddica, ficando exclu\u00eddo de qualquer responsabilidade neste sentido.<h3>Pol\u00edtica de Cookies<\/h3><h4>O que s\u00e3o cookies?<\/h4>Como \u00e9 pr\u00e1tica comum em quase todos os sites profissionais, este site usa cookies, que s\u00e3o pequenos arquivos baixados no seu computador, para melhorar sua experi\u00eancia. Esta p\u00e1gina descreve quais informa\u00e7\u00f5es eles coletam, como as usamos e por que \u00e0s vezes precisamos armazenar esses cookies. Tamb\u00e9m compartilharemos como voc\u00ea pode impedir que esses cookies sejam armazenados, no entanto, isso pode fazer o downgrade ou &#8216;quebrar&#8217; certos elementos da funcionalidade do site.<h4>Como usamos os cookies?<\/h4>Utilizamos cookies por v\u00e1rios motivos, detalhados abaixo. Infelizmente, na maioria dos casos, n\u00e3o existem op\u00e7\u00f5es padr\u00e3o do setor para desativar os cookies sem desativar completamente a funcionalidade e os recursos que eles adicionam a este site. \u00c9 recomend\u00e1vel que voc\u00ea deixe todos os cookies se n\u00e3o tiver certeza se precisa ou n\u00e3o deles, caso sejam usados \u200b\u200bpara fornecer um servi\u00e7o que voc\u00ea usa.<h4>Desativar cookies<\/h4>Voc\u00ea pode impedir a configura\u00e7\u00e3o de cookies ajustando as configura\u00e7\u00f5es do seu navegador (consulte a Ajuda do navegador para saber como fazer isso). Esteja ciente de que a desativa\u00e7\u00e3o de cookies afetar\u00e1 a funcionalidade deste e de muitos outros sites que voc\u00ea visita. A desativa\u00e7\u00e3o de cookies geralmente resultar\u00e1 na desativa\u00e7\u00e3o de determinadas funcionalidades e recursos deste site. Portanto, \u00e9 recomend\u00e1vel que voc\u00ea n\u00e3o desative os cookies.<h4>Cookies que definimos<\/h4><ul><li><strong>Cookies relacionados \u00e0 conta <\/strong>Se voc\u00ea criar uma conta conosco, usaremos cookies para o gerenciamento do processo de inscri\u00e7\u00e3o e administra\u00e7\u00e3o geral. Esses cookies geralmente ser\u00e3o exclu\u00eddos quando voc\u00ea sair do sistema, por\u00e9m, em alguns casos, eles poder\u00e3o permanecer posteriormente para lembrar as prefer\u00eancias do seu site ao sair.<\/li><li><strong>Cookies relacionados ao login <\/strong>Utilizamos cookies quando voc\u00ea est\u00e1 logado, para que possamos lembrar dessa a\u00e7\u00e3o. Isso evita que voc\u00ea precise fazer login sempre que visitar uma nova p\u00e1gina. Esses cookies s\u00e3o normalmente removidos ou limpos quando voc\u00ea efetua logout para garantir que voc\u00ea possa acessar apenas a recursos e \u00e1reas restritas ao efetuar login.<\/li><li><strong>Cookies relacionados a pesquisas <\/strong>Periodicamente, oferecemos pesquisas e question\u00e1rios para fornecer informa\u00e7\u00f5es interessantes, ferramentas \u00fateis ou para entender nossa base de usu\u00e1rios com mais precis\u00e3o. Essas pesquisas podem usar cookies para lembrar quem j\u00e1 participou numa pesquisa ou para fornecer resultados precisos ap\u00f3s a altera\u00e7\u00e3o das p\u00e1ginas.<\/li><li><strong>Cookies relacionados a formul\u00e1rios <\/strong>Quando voc\u00ea envia dados por meio de um formul\u00e1rio como os encontrados nas p\u00e1ginas de contato ou nos formul\u00e1rios de coment\u00e1rios, os cookies podem ser configurados para lembrar os detalhes do usu\u00e1rio para correspond\u00eancia futura.<\/li><li><strong>Cookies de prefer\u00eancias do site <\/strong>Para proporcionar uma \u00f3tima experi\u00eancia neste site, fornecemos a funcionalidade para definir suas prefer\u00eancias de como esse site \u00e9 executado quando voc\u00ea o usa. Para lembrar suas prefer\u00eancias, precisamos definir cookies para que essas informa\u00e7\u00f5es possam ser chamadas sempre que voc\u00ea interagir com uma p\u00e1gina que for afetada por suas prefer\u00eancias.<\/li><\/ul><h4>Cookies de Terceiros<\/h4>Em alguns casos especiais, tamb\u00e9m usamos cookies fornecidos por terceiros confi\u00e1veis. A se\u00e7\u00e3o a seguir detalha quais cookies de terceiros voc\u00ea pode encontrar atrav\u00e9s deste site.<ul><li>Este site usa o Google Analytics, que \u00e9 uma das solu\u00e7\u00f5es de an\u00e1lise mais difundidas e confi\u00e1veis \u200b\u200bda Web, para nos ajudar a entender como voc\u00ea usa o site e como podemos melhorar sua experi\u00eancia. Esses cookies podem rastrear itens como quanto tempo voc\u00ea gasta no site e as p\u00e1ginas visitadas, para que possamos continuar produzindo conte\u00fado atraente.<br \/>Para mais informa\u00e7\u00f5es sobre cookies do Google Analytics, consulte a p\u00e1gina oficial do Google Analytics.<\/li><li>As an\u00e1lises de terceiros s\u00e3o usadas para rastrear e medir o uso deste site, para que possamos continuar produzindo conte\u00fado atrativo. Esses cookies podem rastrear itens como o tempo que voc\u00ea passa no site ou as p\u00e1ginas visitadas, o que nos ajuda a entender como podemos melhorar o site para voc\u00ea.<\/li><li>Periodicamente, testamos novos recursos e fazemos altera\u00e7\u00f5es sutis na maneira como o site se apresenta. Quando ainda estamos testando novos recursos, esses cookies podem ser usados \u200b\u200bpara garantir que voc\u00ea receba uma experi\u00eancia consistente enquanto estiver no site, enquanto entendemos quais otimiza\u00e7\u00f5es os nossos usu\u00e1rios mais apreciam.<\/li><li>\u00c0 medida que vendemos produtos, \u00e9 importante entendermos as estat\u00edsticas sobre quantos visitantes de nosso site realmente compram e, portanto, esse \u00e9 o tipo de dados que esses cookies rastrear\u00e3o. Isso \u00e9 importante para voc\u00ea, pois significa que podemos fazer previs\u00f5es de neg\u00f3cios com precis\u00e3o que nos permitem analisar nossos custos de publicidade e produtos para garantir o melhor pre\u00e7o poss\u00edvel.<\/li><\/ul><h4>Compromisso do Usu\u00e1rio<\/h4>O usu\u00e1rio se compromete a fazer uso adequado dos conte\u00fados e da informa\u00e7\u00e3o que o site M\u00faltipla Consultoria oferece e com car\u00e1ter enunciativo, mas n\u00e3o limitativo:<ul><li>A) N\u00e3o se envolver em atividades que sejam ilegais ou contr\u00e1rias \u00e0 boa f\u00e9 e \u00e0 ordem p\u00fablica;<\/li><li>B) Respeito a todas as legisla\u00e7\u00f5es nacionais ou internacionais em que o Brasil \u00e9 signat\u00e1rio;<\/li><li>C) N\u00e3o difundir propaganda ou conte\u00fado de natureza racista, xenof\u00f3bica, casas de apostas, jogos de sorte e azar, qualquer tipo de pornografia ilegal, de apologia ao terrorismo ou contra os direitos humanos;<\/li><li>D) N\u00e3o causar danos aos sistemas f\u00edsicos (hardwares) e l\u00f3gicos (softwares) do site M\u00faltipla Consultoria, de seus fornecedores ou terceiros, para introduzir ou disseminar v\u00edrus inform\u00e1ticos ou quaisquer outros sistemas de hardware ou software que sejam capazes de causar danos anteriormente mencionados;<\/li><li>E) Os conte\u00fados publicados, possuem direitos autorais e de propriedade intelectual reservados, conforme estabelece a Lei de Direitos Autorais n. 9.610, de 19.2.1998 do Governo Federal Brasileiro e correlatas. Qualquer infring\u00eancia, ser\u00e3o comunicados \u00e0s autoridades competentes.<\/li><\/ul><h3>Direitos do titular de dados<\/h3>O titular de dados pessoais possui o direito de solicitar do site M\u00faltipla Consultoria, atrav\u00e9s do canal espec\u00edfico de tratamento, a qualquer momento, mediante requisi\u00e7\u00e3o formal, informa\u00e7\u00f5es referentes aos seus dados.Os pedidos ser\u00e3o analisados conforme previsto em legisla\u00e7\u00e3o vigente dentro de um prazo de 72 horas, salvo determina\u00e7\u00e3o legal e\/ou objeto de lei.Os titulares de dados, segundo o texto da LGPD, podem exercer os seus direitos por meio de:<ul><li>Confirma\u00e7\u00e3o da exist\u00eancia de tratamento;<\/li><li>Acesso aos seus dados pessoais;<\/li><li>Corre\u00e7\u00e3o de dados incompletos, inexatos ou desatualizados;<\/li><li>Anonimiza\u00e7\u00e3o, bloqueio ou elimina\u00e7\u00e3o de dados desnecess\u00e1rios, excessivos ou tratados em desconformidade com o disposto nesta Lei;<\/li><li>Portabilidade dos dados a outro fornecedor de servi\u00e7o ou produto, mediante requisi\u00e7\u00e3o expressa, de acordo com a regulamenta\u00e7\u00e3o da autoridade nacional, observados os segredos comercial e industrial;<\/li><li>Elimina\u00e7\u00e3o dos dados pessoais tratados com o consentimento do titular;<\/li><li>Informa\u00e7\u00e3o das entidades p\u00fablicas e privadas com as quais o controlador realizou uso compartilhado de dados;<\/li><li>Informa\u00e7\u00e3o sobre a possibilidade de n\u00e3o fornecer consentimento e sobre as consequ\u00eancias da negativa;<\/li><li>Revoga\u00e7\u00e3o do consentimento.<\/li><\/ul><h3>Como exercer os seus direitos de titular de dados?<\/h3><ul><li>Para alterar seus dados pessoais acesse a op\u00e7\u00e3o &#8220;Minha conta&#8221;;<\/li><li>Para as demais solicita\u00e7\u00f5es em rela\u00e7\u00e3o aos direitos do titular de dados pessoais, entre em contato conosco atrav\u00e9s do e-mail <a href=\"mailto:contato@portalmultiplaconsultoria.com.br\">contato@portalmultiplaconsultoria.com.br<\/a> ou atrav\u00e9s de nosso <a href=\"https:\/\/www.portalmultiplaconsultoria.com.br\/academy\/contato\/#contato\">formul\u00e1rio de contato<\/a>.<\/li><\/ul><h3>Mais informa\u00e7\u00f5es<\/h3>Esperamos que esteja esclarecido e, como mencionado anteriormente, se houver algo que voc\u00ea n\u00e3o tem certeza se precisa ou n\u00e3o, geralmente \u00e9 mais seguro deixar os cookies ativados, caso interaja com um dos recursos que voc\u00ea usa em nosso site.O site M\u00faltipla Consultoria empregar\u00e1 esfor\u00e7os para resguardar as informa\u00e7\u00f5es e dados coletados do usu\u00e1rio pelo site. Todavia, considerando que n\u00e3o h\u00e1 meio de transmiss\u00e3o e reten\u00e7\u00e3o de dados eletr\u00f4nicos plenamente eficaz e seguro, o site M\u00faltipla Consultoria n\u00e3o pode assegurar que terceiros n\u00e3o autorizados n\u00e3o logrem \u00eaxito no acesso indevido, eximindo-se de qualquer responsabilidade por danos e preju\u00edzos decorrentes da conduta de terceiros, ataques externos ao site como: v\u00edrus, invas\u00e3o ao banco de dados, v\u00edcios ou defeitos t\u00e9cnicos, assim como operacionais resultante da utiliza\u00e7\u00e3o do site e em raz\u00e3o de falhas de conex\u00e3o.<\/p>\t\t\n\n","protected":false},"excerpt":{"rendered":"<p>Pol\u00edtica de Privacidade e Cookies A sua privacidade \u00e9 importante para n\u00f3s. \u00c9 pol\u00edtica do site M\u00faltipla Consultoria respeitar a sua privacidade em rela\u00e7\u00e3o a qualquer informa\u00e7\u00e3o sua que possamos coletar no site M\u00faltipla Consultoria, e outros sites que possu\u00edmos e operamos.Trabalhamos com base na Lei de Prote\u00e7\u00e3o de Dados (13.709\/2018) que traz garantias de [&hellip;]<\/p>\n","protected":false},"author":3,"featured_media":0,"parent":0,"menu_order":0,"comment_status":"closed","ping_status":"closed","template":"","meta":{"site-sidebar-layout":"default","site-content-layout":"","ast-site-content-layout":"full-width-container","site-content-style":"default","site-sidebar-style":"default","ast-global-header-display":"disabled","ast-banner-title-visibility":"disabled","ast-main-header-display":"","ast-hfb-above-header-display":"","ast-hfb-below-header-display":"","ast-hfb-mobile-header-display":"","site-post-title":"disabled","ast-breadcrumbs-content":"","ast-featured-img":"","footer-sml-layout":"disabled","ast-disable-related-posts":"","theme-transparent-header-meta":"","adv-header-id-meta":"","stick-header-meta":"","header-above-stick-meta":"","header-main-stick-meta":"","header-below-stick-meta":"","astra-migrate-meta-layouts":"set","ast-page-background-enabled":"default","ast-page-background-meta":{"desktop":{"background-color":"","background-image":"","background-repeat":"repeat","background-position":"center center","background-size":"auto","background-attachment":"scroll","background-type":"","background-media":"","overlay-type":"","overlay-color":"","overlay-opacity":"","overlay-gradient":""},"tablet":{"background-color":"","background-image":"","background-repeat":"repeat","background-position":"center center","background-size":"auto","background-attachment":"scroll","background-type":"","background-media":"","overlay-type":"","overlay-color":"","overlay-opacity":"","overlay-gradient":""},"mobile":{"background-color":"","background-image":"","background-repeat":"repeat","background-position":"center center","background-size":"auto","background-attachment":"scroll","background-type":"","background-media":"","overlay-type":"","overlay-color":"","overlay-opacity":"","overlay-gradient":""}},"ast-content-background-meta":{"desktop":{"background-color":"var(--ast-global-color-5)","background-image":"","background-repeat":"repeat","background-position":"center center","background-size":"auto","background-attachment":"scroll","background-type":"","background-media":"","overlay-type":"","overlay-color":"","overlay-opacity":"","overlay-gradient":""},"tablet":{"background-color":"var(--ast-global-color-5)","background-image":"","background-repeat":"repeat","background-position":"center center","background-size":"auto","background-attachment":"scroll","background-type":"","background-media":"","overlay-type":"","overlay-color":"","overlay-opacity":"","overlay-gradient":""},"mobile":{"background-color":"var(--ast-global-color-5)","background-image":"","background-repeat":"repeat","background-position":"center center","background-size":"auto","background-attachment":"scroll","background-type":"","background-media":"","overlay-type":"","overlay-color":"","overlay-opacity":"","overlay-gradient":""}},"footnotes":""},"class_list":["post-3","page","type-page","status-publish","hentry"],"_links":{"self":[{"href":"https:\/\/www.portalmultiplaconsultoria.com.br\/academy\/wp-json\/wp\/v2\/pages\/3","targetHints":{"allow":["GET"]}}],"collection":[{"href":"https:\/\/www.portalmultiplaconsultoria.com.br\/academy\/wp-json\/wp\/v2\/pages"}],"about":[{"href":"https:\/\/www.portalmultiplaconsultoria.com.br\/academy\/wp-json\/wp\/v2\/types\/page"}],"author":[{"embeddable":true,"href":"https:\/\/www.portalmultiplaconsultoria.com.br\/academy\/wp-json\/wp\/v2\/users\/3"}],"replies":[{"embeddable":true,"href":"https:\/\/www.portalmultiplaconsultoria.com.br\/academy\/wp-json\/wp\/v2\/comments?post=3"}],"version-history":[{"count":0,"href":"https:\/\/www.portalmultiplaconsultoria.com.br\/academy\/wp-json\/wp\/v2\/pages\/3\/revisions"}],"wp:attachment":[{"href":"https:\/\/www.portalmultiplaconsultoria.com.br\/academy\/wp-json\/wp\/v2\/media?parent=3"}],"curies":[{"name":"wp","href":"https:\/\/api.w.org\/{rel}","templated":true}]}}