{"id":401,"date":"2019-03-19T13:42:23","date_gmt":"2019-03-19T13:42:23","guid":{"rendered":"https:\/\/www.portalmultiplaconsultoria.com.br\/academy\/contact\/"},"modified":"2024-08-06T10:46:52","modified_gmt":"2024-08-06T13:46:52","slug":"contato","status":"publish","type":"page","link":"https:\/\/www.portalmultiplaconsultoria.com.br\/academy\/contato\/","title":{"rendered":"Contato"},"content":{"rendered":"\n\n\t<h1>\n\t\t\t\tFALE CONOSCO\n\t\t\t<\/h1>\n\t\t\t<p>D\u00favidas? Entre em contato com a gente!<\/p>\t\n\t<h3>\n\t\t\t\tWhatsApp\n\t\t\t<\/h3>\n\t\t\t<p>(27) 9-9860-2274<\/p>\t\n\t<h3>\n\t\t\t\tTelefone\n\t\t\t<\/h3>\n\t\t\t<p>(27) 9-9893-0801<\/p>\t\n\t<h3>\n\t\t\t\tEndere\u00e7o\n\t\t\t<\/h3>\n\t\t\t<p>Rua Marcos Pezzin, 69 &#8211; Andar T\u00e9rreo &#8211; Bairro Vila Real &#8211; Colatina &#8211; ES &#8211; CEP: 29.706-737<\/p>\t\n\t<h2>\n\t\t\t\tContato\n\t\t\t<\/h2>\n                            \n                        <form method='post' enctype='multipart\/form-data' target='gform_ajax_frame_4' id='gform_4'  action='\/academy\/?page_id=401&#038;fl_builder#gf_4' data-formid='4' novalidate>\n                        <label class='gfield_label gform-field-label' for='input_4_1'>Nome(obrigat\u00f3rio)<\/label><input name='input_1' id='input_4_1' type='text' value='' class='large'     aria-required=\"true\" aria-invalid=\"false\"   \/> <label class='gfield_label gform-field-label' for='input_4_3'>E-mail(obrigat\u00f3rio)<\/label>\n                            <input name='input_3' id='input_4_3' type='email' value='' class='large'    aria-required=\"true\" aria-invalid=\"false\"  \/>\n                        <label class='gfield_label gform-field-label' for='input_4_4'>WhatsApp(obrigat\u00f3rio)<\/label><input name='input_4' id='input_4_4' type='text' value='' class='large'     aria-required=\"true\" aria-invalid=\"false\"   \/> <label class='gfield_label gform-field-label' for='input_4_5'>Mensagem(obrigat\u00f3rio)<\/label><textarea name='input_5' id='input_4_5' class='textarea large'     aria-required=\"true\" aria-invalid=\"false\"   rows='10' cols='50'><\/textarea>\n         <input type='submit' id='gform_submit_button_4' class='gform_button button' value='Enviar'  onclick='if(window[\"gf_submitting_4\"]){return false;}  if( !jQuery(\"#gform_4\")[0].checkValidity || jQuery(\"#gform_4\")[0].checkValidity()){window[\"gf_submitting_4\"]=true;}  ' onkeypress='if( event.keyCode == 13 ){ if(window[\"gf_submitting_4\"]){return false;} if( !jQuery(\"#gform_4\")[0].checkValidity || jQuery(\"#gform_4\")[0].checkValidity()){window[\"gf_submitting_4\"]=true;}  jQuery(\"#gform_4\").trigger(\"submit\",[true]); }' \/> <input type='hidden' name='gform_ajax' value='form_id=4&amp;title=&amp;description=1&amp;tabindex=0&amp;theme=gravity-theme' \/>\n            <input type='hidden' class='gform_hidden' name='is_submit_4' value='1' \/>\n            <input type='hidden' class='gform_hidden' name='gform_submit' value='4' \/>\n            <input type='hidden' class='gform_hidden' name='gform_unique_id' value='' \/>\n            <input type='hidden' class='gform_hidden' name='state_4' value='WyJbXSIsIjljNTdkZDNhZmMyMWJhYjU0M2M1OTljYzAzMTllZjdiIl0=' \/>\n            <input type='hidden' class='gform_hidden' name='gform_target_page_number_4' id='gform_target_page_number_4' value='0' \/>\n            <input type='hidden' class='gform_hidden' name='gform_source_page_number_4' id='gform_source_page_number_4' value='1' \/>\n            <input type='hidden' name='gform_field_values' value='' \/>\n                        <\/form>\n\t\t                <iframe style='display:none;width:0px;height:0px;' src='about:blank' name='gform_ajax_frame_4' id='gform_ajax_frame_4' title='Este iframe cont\u00e9m a l\u00f3gica necess\u00e1ria para manusear os formul\u00e1rios Gravity Forms movidos a AJAX.'><\/iframe>\n\t<iframe src=\"https:\/\/www.google.com\/maps\/embed?pb=!1m14!1m8!1m3!1d940.1434369005378!2d-40.6516602!3d-19.5169663!3m2!1i1024!2i768!4f13.1!3m3!1m2!1s0xb70774729c5dcf%3A0x5db1d624a3676063!2sMarcos%20Pezzin%2C%2069%20-%20Vila%20Real%2C%20Colatina%20-%20ES%2C%2029706-737!5e0!3m2!1spt-BR!2sbr!4v1722018183732!5m2!1spt-BR!2sbr\" width=\"100%\" height=\"400\" allowfullscreen=\"\" loading=\"lazy\" referrerpolicy=\"no-referrer-when-downgrade\"><\/iframe>\n\n","protected":false},"excerpt":{"rendered":"<p>FALE CONOSCO D\u00favidas? Entre em contato com a gente! WhatsApp (27) 9-9860-2274 Telefone (27) 9-9893-0801 Endere\u00e7o Rua Marcos Pezzin, 69 &#8211; Andar T\u00e9rreo &#8211; Bairro Vila Real &#8211; Colatina &#8211; ES &#8211; CEP: 29.706-737 Contato Nome(obrigat\u00f3rio) E-mail(obrigat\u00f3rio) WhatsApp(obrigat\u00f3rio) Mensagem(obrigat\u00f3rio)<\/p>\n","protected":false},"author":3,"featured_media":0,"parent":0,"menu_order":0,"comment_status":"closed","ping_status":"closed","template":"","meta":{"site-sidebar-layout":"no-sidebar","site-content-layout":"page-builder","ast-site-content-layout":"default","site-content-style":"default","site-sidebar-style":"default","ast-global-header-display":"","ast-banner-title-visibility":"","ast-main-header-display":"","ast-hfb-above-header-display":"","ast-hfb-below-header-display":"","ast-hfb-mobile-header-display":"","site-post-title":"disabled","ast-breadcrumbs-content":"","ast-featured-img":"disabled","footer-sml-layout":"","ast-disable-related-posts":"","theme-transparent-header-meta":"enabled","adv-header-id-meta":"","stick-header-meta":"","header-above-stick-meta":"","header-main-stick-meta":"","header-below-stick-meta":"","astra-migrate-meta-layouts":"default","ast-page-background-enabled":"default","ast-page-background-meta":{"desktop":{"background-color":"","background-image":"","background-repeat":"repeat","background-position":"center center","background-size":"auto","background-attachment":"scroll","background-type":"","background-media":"","overlay-type":"","overlay-color":"","overlay-opacity":"","overlay-gradient":""},"tablet":{"background-color":"","background-image":"","background-repeat":"repeat","background-position":"center center","background-size":"auto","background-attachment":"scroll","background-type":"","background-media":"","overlay-type":"","overlay-color":"","overlay-opacity":"","overlay-gradient":""},"mobile":{"background-color":"","background-image":"","background-repeat":"repeat","background-position":"center center","background-size":"auto","background-attachment":"scroll","background-type":"","background-media":"","overlay-type":"","overlay-color":"","overlay-opacity":"","overlay-gradient":""}},"ast-content-background-meta":{"desktop":{"background-color":"var(--ast-global-color-5)","background-image":"","background-repeat":"repeat","background-position":"center center","background-size":"auto","background-attachment":"scroll","background-type":"","background-media":"","overlay-type":"","overlay-color":"","overlay-opacity":"","overlay-gradient":""},"tablet":{"background-color":"var(--ast-global-color-5)","background-image":"","background-repeat":"repeat","background-position":"center center","background-size":"auto","background-attachment":"scroll","background-type":"","background-media":"","overlay-type":"","overlay-color":"","overlay-opacity":"","overlay-gradient":""},"mobile":{"background-color":"var(--ast-global-color-5)","background-image":"","background-repeat":"repeat","background-position":"center center","background-size":"auto","background-attachment":"scroll","background-type":"","background-media":"","overlay-type":"","overlay-color":"","overlay-opacity":"","overlay-gradient":""}},"footnotes":""},"class_list":["post-401","page","type-page","status-publish","hentry"],"_links":{"self":[{"href":"https:\/\/www.portalmultiplaconsultoria.com.br\/academy\/wp-json\/wp\/v2\/pages\/401","targetHints":{"allow":["GET"]}}],"collection":[{"href":"https:\/\/www.portalmultiplaconsultoria.com.br\/academy\/wp-json\/wp\/v2\/pages"}],"about":[{"href":"https:\/\/www.portalmultiplaconsultoria.com.br\/academy\/wp-json\/wp\/v2\/types\/page"}],"author":[{"embeddable":true,"href":"https:\/\/www.portalmultiplaconsultoria.com.br\/academy\/wp-json\/wp\/v2\/users\/3"}],"replies":[{"embeddable":true,"href":"https:\/\/www.portalmultiplaconsultoria.com.br\/academy\/wp-json\/wp\/v2\/comments?post=401"}],"version-history":[{"count":0,"href":"https:\/\/www.portalmultiplaconsultoria.com.br\/academy\/wp-json\/wp\/v2\/pages\/401\/revisions"}],"wp:attachment":[{"href":"https:\/\/www.portalmultiplaconsultoria.com.br\/academy\/wp-json\/wp\/v2\/media?parent=401"}],"curies":[{"name":"wp","href":"https:\/\/api.w.org\/{rel}","templated":true}]}}